{"id":1513,"date":"2026-03-08T18:57:50","date_gmt":"2026-03-08T18:57:50","guid":{"rendered":"https:\/\/www.grupamar.es\/politica-de-privacidad-cv\/"},"modified":"2026-03-08T18:57:50","modified_gmt":"2026-03-08T18:57:50","slug":"politica-de-privacidad-cv","status":"publish","type":"page","link":"https:\/\/www.grupamar.es\/en\/politica-de-privacidad-cv\/","title":{"rendered":"Pol\u00edtica de privacidad ante la recepci\u00f3n de CV"},"content":{"rendered":"<h5>En caso de tratamiento de los datos del curriculum vitae (CV):<\/h5>\n<p>Estimado remitente, por medio de la presente, GRUPAJES DEL MAR IB\u00c9RICA, S.L. con CIF B65301673 y GRUPAJES DEL MAR, S.A. con CIF A35038678, en adelante \u201cGRUPAMAR\u201d, bajo su condici\u00f3n de Responsable del Tratamiento de datos personales, le comunica que los datos personales facilitados voluntariamente por usted en su curriculum o CV, a trav\u00e9s de esta p\u00e1gina web www.grupamar.es o por e-mail, ser\u00e1n incorporados a un fichero o soporte titularidad del Responsable, para proceder a su tratamiento con fines de gesti\u00f3n de bolsa de empleo.<\/p>\n<p>Sus datos no ser\u00e1n objeto de transferencia internacional, ni de cesi\u00f3n a terceros salvo obligaci\u00f3n legal o previa solicitud de su consentimiento y ser\u00e1n conservados mientras sean \u00fatiles para la finalidad para la que se han obtenido, siempre y cuando usted no solicite su supresi\u00f3n.<\/p>\n<p>Asimismo, se le informa de que le asisten los derechos de acceso, rectificaci\u00f3n, supresi\u00f3n, limitaci\u00f3n, oposici\u00f3n, portabilidad y a no ser objeto de decisiones individualizadas, reconocidos por el Reglamento General de Protecci\u00f3n de Datos (RGPD), los cuales puede ejercitar mediante petici\u00f3n escrita dirigida al Responsable, mediante email a administracion@grupamar.es o en la direcci\u00f3n Vial Licorers, 21, C.P. 07141 &#8211; Marratx\u00ed (Illes Balears) para GRUPAJES DEL MAR IB\u00c9RICA, S.L. y en la direcci\u00f3n Avda. Las Petrol\u00edferas s\/n esq. Uni\u00f3n Castle Line, C.P. 35008 &#8211; Las Palmas de Gran Canaria para GRUPAJES DEL MAR, S.A.<\/p>\n","protected":false},"excerpt":{"rendered":"<p>En caso de tratamiento de los datos del curriculum vitae (CV): Estimado remitente, por medio de la presente, GRUPAJES DEL MAR IB\u00c9RICA, S.L. con CIF B65301673 y GRUPAJES DEL MAR, S.A. con CIF A35038678, en adelante \u201cGRUPAMAR\u201d, bajo su condici\u00f3n de Responsable del Tratamiento de datos personales, le comunica que los datos personales facilitados voluntariamente [&hellip;]<\/p>\n","protected":false},"author":1,"featured_media":0,"parent":0,"menu_order":26,"comment_status":"closed","ping_status":"closed","template":"page-blank.php","meta":{"_acf_changed":false,"footnotes":""},"class_list":["post-1513","page","type-page","status-publish","hentry"],"acf":[],"yoast_head":"<!-- This site is optimized with the Yoast SEO plugin v27.4 - https:\/\/yoast.com\/product\/yoast-seo-wordpress\/ -->\n<title>Pol\u00edtica de privacidad ante la recepci\u00f3n de CV - GrupaMar<\/title>\n<meta name=\"robots\" content=\"index, follow, max-snippet:-1, max-image-preview:large, max-video-preview:-1\" \/>\n<link rel=\"canonical\" href=\"https:\/\/www.grupamar.es\/en\/politica-de-privacidad-cv\/\" \/>\n<meta property=\"og:locale\" content=\"en_US\" \/>\n<meta property=\"og:type\" content=\"article\" \/>\n<meta property=\"og:title\" content=\"Pol\u00edtica de privacidad ante la recepci\u00f3n de CV - GrupaMar\" \/>\n<meta property=\"og:description\" content=\"En caso de tratamiento de los datos del curriculum vitae (CV): Estimado remitente, por medio de la presente, GRUPAJES DEL MAR IB\u00c9RICA, S.L. con CIF B65301673 y GRUPAJES DEL MAR, S.A. con CIF A35038678, en adelante \u201cGRUPAMAR\u201d, bajo su condici\u00f3n de Responsable del Tratamiento de datos personales, le comunica que los datos personales facilitados voluntariamente [&hellip;]\" \/>\n<meta property=\"og:url\" content=\"https:\/\/www.grupamar.es\/en\/politica-de-privacidad-cv\/\" \/>\n<meta property=\"og:site_name\" content=\"GrupaMar\" \/>\n<meta name=\"twitter:card\" content=\"summary_large_image\" \/>\n<meta name=\"twitter:label1\" content=\"Est. reading time\" \/>\n\t<meta name=\"twitter:data1\" content=\"2 minutes\" \/>\n<script type=\"application\/ld+json\" class=\"yoast-schema-graph\">{\"@context\":\"https:\\\/\\\/schema.org\",\"@graph\":[{\"@type\":\"WebPage\",\"@id\":\"https:\\\/\\\/www.grupamar.es\\\/en\\\/politica-de-privacidad-cv\\\/\",\"url\":\"https:\\\/\\\/www.grupamar.es\\\/en\\\/politica-de-privacidad-cv\\\/\",\"name\":\"Pol\u00edtica de privacidad ante la recepci\u00f3n de CV - GrupaMar\",\"isPartOf\":{\"@id\":\"https:\\\/\\\/www.grupamar.es\\\/en\\\/#website\"},\"datePublished\":\"2026-03-08T18:57:50+00:00\",\"inLanguage\":\"en-US\",\"potentialAction\":[{\"@type\":\"ReadAction\",\"target\":[\"https:\\\/\\\/www.grupamar.es\\\/en\\\/politica-de-privacidad-cv\\\/\"]}]},{\"@type\":\"WebSite\",\"@id\":\"https:\\\/\\\/www.grupamar.es\\\/en\\\/#website\",\"url\":\"https:\\\/\\\/www.grupamar.es\\\/en\\\/\",\"name\":\"GrupaMar\",\"description\":\"\",\"potentialAction\":[{\"@type\":\"SearchAction\",\"target\":{\"@type\":\"EntryPoint\",\"urlTemplate\":\"https:\\\/\\\/www.grupamar.es\\\/en\\\/?s={search_term_string}\"},\"query-input\":{\"@type\":\"PropertyValueSpecification\",\"valueRequired\":true,\"valueName\":\"search_term_string\"}}],\"inLanguage\":\"en-US\"}]}<\/script>\n<!-- \/ Yoast SEO plugin. -->","yoast_head_json":{"title":"Pol\u00edtica de privacidad ante la recepci\u00f3n de CV - GrupaMar","robots":{"index":"index","follow":"follow","max-snippet":"max-snippet:-1","max-image-preview":"max-image-preview:large","max-video-preview":"max-video-preview:-1"},"canonical":"https:\/\/www.grupamar.es\/en\/politica-de-privacidad-cv\/","og_locale":"en_US","og_type":"article","og_title":"Pol\u00edtica de privacidad ante la recepci\u00f3n de CV - GrupaMar","og_description":"En caso de tratamiento de los datos del curriculum vitae (CV): Estimado remitente, por medio de la presente, GRUPAJES DEL MAR IB\u00c9RICA, S.L. con CIF B65301673 y GRUPAJES DEL MAR, S.A. con CIF A35038678, en adelante \u201cGRUPAMAR\u201d, bajo su condici\u00f3n de Responsable del Tratamiento de datos personales, le comunica que los datos personales facilitados voluntariamente [&hellip;]","og_url":"https:\/\/www.grupamar.es\/en\/politica-de-privacidad-cv\/","og_site_name":"GrupaMar","twitter_card":"summary_large_image","twitter_misc":{"Est. reading time":"2 minutes"},"schema":{"@context":"https:\/\/schema.org","@graph":[{"@type":"WebPage","@id":"https:\/\/www.grupamar.es\/en\/politica-de-privacidad-cv\/","url":"https:\/\/www.grupamar.es\/en\/politica-de-privacidad-cv\/","name":"Pol\u00edtica de privacidad ante la recepci\u00f3n de CV - GrupaMar","isPartOf":{"@id":"https:\/\/www.grupamar.es\/en\/#website"},"datePublished":"2026-03-08T18:57:50+00:00","inLanguage":"en-US","potentialAction":[{"@type":"ReadAction","target":["https:\/\/www.grupamar.es\/en\/politica-de-privacidad-cv\/"]}]},{"@type":"WebSite","@id":"https:\/\/www.grupamar.es\/en\/#website","url":"https:\/\/www.grupamar.es\/en\/","name":"GrupaMar","description":"","potentialAction":[{"@type":"SearchAction","target":{"@type":"EntryPoint","urlTemplate":"https:\/\/www.grupamar.es\/en\/?s={search_term_string}"},"query-input":{"@type":"PropertyValueSpecification","valueRequired":true,"valueName":"search_term_string"}}],"inLanguage":"en-US"}]}},"_links":{"self":[{"href":"https:\/\/www.grupamar.es\/en\/wp-json\/wp\/v2\/pages\/1513","targetHints":{"allow":["GET"]}}],"collection":[{"href":"https:\/\/www.grupamar.es\/en\/wp-json\/wp\/v2\/pages"}],"about":[{"href":"https:\/\/www.grupamar.es\/en\/wp-json\/wp\/v2\/types\/page"}],"author":[{"embeddable":true,"href":"https:\/\/www.grupamar.es\/en\/wp-json\/wp\/v2\/users\/1"}],"replies":[{"embeddable":true,"href":"https:\/\/www.grupamar.es\/en\/wp-json\/wp\/v2\/comments?post=1513"}],"version-history":[{"count":0,"href":"https:\/\/www.grupamar.es\/en\/wp-json\/wp\/v2\/pages\/1513\/revisions"}],"wp:attachment":[{"href":"https:\/\/www.grupamar.es\/en\/wp-json\/wp\/v2\/media?parent=1513"}],"curies":[{"name":"wp","href":"https:\/\/api.w.org\/{rel}","templated":true}]}}