{"id":1503,"date":"2025-11-29T22:25:15","date_gmt":"2025-11-29T22:25:15","guid":{"rendered":"https:\/\/www.grupamar.es\/aviso-legal\/"},"modified":"2026-03-08T19:41:47","modified_gmt":"2026-03-08T19:41:47","slug":"legal-notice","status":"publish","type":"page","link":"https:\/\/www.grupamar.es\/en\/legal-notice\/","title":{"rendered":"Legal notice"},"content":{"rendered":"<p>En cumplimiento con el deber de informaci\u00f3n recogido en art\u00edculo 10 de la Ley 34\/2002, de 11 de julio, de Servicios de la Sociedad de la Informaci\u00f3n y del Comercio Electr\u00f3nico (LSSICE), el propietario de la web le informa de lo siguiente:<\/p>\n<ul role=\"list\">\n<li>Denominaci\u00f3n social: GRUPAJES DEL MAR IB\u00c9RICA, S.L.<\/li>\n<li>NIF: B65301673<\/li>\n<li>Domicilio: Vial Licorers, 21 &#8211; 07141 Marratx\u00ed (Illes Balears)<\/li>\n<\/ul>\n<hr \/>\n<ul role=\"list\">\n<li>Denominaci\u00f3n social: GRUPAJES DEL MAR, S.A.<\/li>\n<li>NIF: A35038678<\/li>\n<li>Domicilio: Avda. Las Petrol\u00edferas s\/n, esq. Uni\u00f3n Castle Line &#8211; 35008 Las Palmas de Gran Canaria.<\/li>\n<\/ul>\n<p>Que en adelante denominaremos en su conjunto \u201cGRUPAMAR\u201d.<\/p>\n<p>Con los l\u00edmites establecidos en la ley, GRUPAMAR no asumen ninguna responsabilidad derivada de la falta de veracidad, integridad, actualizaci\u00f3n y precisi\u00f3n de los datos o informaciones que se contienen en sus p\u00e1ginas web.<br \/>\nLos contenidos e informaci\u00f3n no vinculan a GRUPAMAR ni constituyen opiniones, consejos o asesoramiento legal de ning\u00fan tipo pues se trata meramente de un servicio ofrecido con car\u00e1cter informativo y divulgativo.<br \/>\nLas p\u00e1ginas de Internet de GRUPAMAR pueden contener enlaces (links) a otras p\u00e1ginas de terceras partes que GRUPAMAR no puede controlar. Por lo tanto, GRUPAMAR no puede asumir responsabilidades por el contenido que pueda aparecer en p\u00e1ginas de terceros.<\/p>\n<p>Los textos, im\u00e1genes, sonidos, animaciones, software y el resto de los contenidos incluidos en este\u00a0website\u00a0son propiedad exclusiva de GRUPAMAR o sus licenciantes. Cualquier acto de transmisi\u00f3n, distribuci\u00f3n, cesi\u00f3n, reproducci\u00f3n, almacenamiento o comunicaci\u00f3n p\u00fablica total o parcial, debe contar con el consentimiento expreso de GRUPAMAR.<br \/>\nAsimismo, para acceder a algunos de los servicios que GRUPAMAR ofrece a trav\u00e9s del sitio web deber\u00e1 proporcionar algunos datos de car\u00e1cter personal. En cumplimiento de lo establecido el Reglamento (UE) 2016\/679 del Parlamento Europeo y del Consejo, de 27 de abril de 2016, relativo a la protecci\u00f3n de las personas f\u00edsicas en lo que respecta al tratamiento de datos personales y a la libre circulaci\u00f3n de estos datos, le informamos que, mediante la cumplimentaci\u00f3n de los presentes formularios, sus datos personales quedar\u00e1n incorporados y ser\u00e1n tratados en los ficheros de GRUPAMAR con el fin de poderle prestar y ofrecer nuestros servicios, as\u00ed como para informarle de las mejoras del sitio Web.<\/p>\n<p>Le informamos tambi\u00e9n de la posibilidad de que ejerza los derechos de acceso, rectificaci\u00f3n, cancelaci\u00f3n y oposici\u00f3n de sus datos de car\u00e1cter personal, manera gratuita mediante email a\u00a0<a href=\"mailto:administracion@grupamar.es\" target=\"_blank\" rel=\"noopener\" data-fpl-component=\"primitive\">administracion@grupamar.es<\/a>\u00a0o en la direcci\u00f3n Vial Licorers, 21, C.P. 07141 &#8211; Marratx\u00ed (Illes Balears) para GRUPAJES DEL MAR IB\u00c9RICA, S.L. y en la direcci\u00f3n Avda. Las Petrol\u00edferas s\/n esq. Uni\u00f3n Castle Line, C.P. 35008 &#8211; Las Palmas de Gran Canaria para GRUPAJES DEL MAR, S.A.<\/p>\n","protected":false},"excerpt":{"rendered":"<p>En cumplimiento con el deber de informaci\u00f3n recogido en art\u00edculo 10 de la Ley 34\/2002, de 11 de julio, de Servicios de la Sociedad de la Informaci\u00f3n y del Comercio Electr\u00f3nico (LSSICE), el propietario de la web le informa de lo siguiente: Denominaci\u00f3n social: GRUPAJES DEL MAR IB\u00c9RICA, S.L. NIF: B65301673 Domicilio: Vial Licorers, 21 [&hellip;]<\/p>\n","protected":false},"author":1,"featured_media":0,"parent":0,"menu_order":5,"comment_status":"closed","ping_status":"closed","template":"page-blank.php","meta":{"_acf_changed":false,"footnotes":""},"class_list":["post-1503","page","type-page","status-publish","hentry"],"acf":[],"yoast_head":"<!-- This site is optimized with the Yoast SEO plugin v27.4 - https:\/\/yoast.com\/product\/yoast-seo-wordpress\/ -->\n<title>Legal notice - GrupaMar<\/title>\n<meta name=\"robots\" content=\"index, follow, max-snippet:-1, max-image-preview:large, max-video-preview:-1\" \/>\n<link rel=\"canonical\" href=\"https:\/\/www.grupamar.es\/en\/legal-notice\/\" \/>\n<meta property=\"og:locale\" content=\"en_US\" \/>\n<meta property=\"og:type\" content=\"article\" \/>\n<meta property=\"og:title\" content=\"Legal notice - GrupaMar\" \/>\n<meta property=\"og:description\" content=\"En cumplimiento con el deber de informaci\u00f3n recogido en art\u00edculo 10 de la Ley 34\/2002, de 11 de julio, de Servicios de la Sociedad de la Informaci\u00f3n y del Comercio Electr\u00f3nico (LSSICE), el propietario de la web le informa de lo siguiente: Denominaci\u00f3n social: GRUPAJES DEL MAR IB\u00c9RICA, S.L. NIF: B65301673 Domicilio: Vial Licorers, 21 [&hellip;]\" \/>\n<meta property=\"og:url\" content=\"https:\/\/www.grupamar.es\/en\/legal-notice\/\" \/>\n<meta property=\"og:site_name\" content=\"GrupaMar\" \/>\n<meta property=\"article:modified_time\" content=\"2026-03-08T19:41:47+00:00\" \/>\n<meta name=\"twitter:card\" content=\"summary_large_image\" \/>\n<meta name=\"twitter:label1\" content=\"Est. reading time\" \/>\n\t<meta name=\"twitter:data1\" content=\"2 minutes\" \/>\n<script type=\"application\/ld+json\" class=\"yoast-schema-graph\">{\"@context\":\"https:\\\/\\\/schema.org\",\"@graph\":[{\"@type\":\"WebPage\",\"@id\":\"https:\\\/\\\/www.grupamar.es\\\/en\\\/legal-notice\\\/\",\"url\":\"https:\\\/\\\/www.grupamar.es\\\/en\\\/legal-notice\\\/\",\"name\":\"Legal notice - GrupaMar\",\"isPartOf\":{\"@id\":\"https:\\\/\\\/www.grupamar.es\\\/en\\\/#website\"},\"datePublished\":\"2025-11-29T22:25:15+00:00\",\"dateModified\":\"2026-03-08T19:41:47+00:00\",\"inLanguage\":\"en-US\",\"potentialAction\":[{\"@type\":\"ReadAction\",\"target\":[\"https:\\\/\\\/www.grupamar.es\\\/en\\\/legal-notice\\\/\"]}]},{\"@type\":\"WebSite\",\"@id\":\"https:\\\/\\\/www.grupamar.es\\\/en\\\/#website\",\"url\":\"https:\\\/\\\/www.grupamar.es\\\/en\\\/\",\"name\":\"GrupaMar\",\"description\":\"\",\"potentialAction\":[{\"@type\":\"SearchAction\",\"target\":{\"@type\":\"EntryPoint\",\"urlTemplate\":\"https:\\\/\\\/www.grupamar.es\\\/en\\\/?s={search_term_string}\"},\"query-input\":{\"@type\":\"PropertyValueSpecification\",\"valueRequired\":true,\"valueName\":\"search_term_string\"}}],\"inLanguage\":\"en-US\"}]}<\/script>\n<!-- \/ Yoast SEO plugin. -->","yoast_head_json":{"title":"Legal notice - GrupaMar","robots":{"index":"index","follow":"follow","max-snippet":"max-snippet:-1","max-image-preview":"max-image-preview:large","max-video-preview":"max-video-preview:-1"},"canonical":"https:\/\/www.grupamar.es\/en\/legal-notice\/","og_locale":"en_US","og_type":"article","og_title":"Legal notice - GrupaMar","og_description":"En cumplimiento con el deber de informaci\u00f3n recogido en art\u00edculo 10 de la Ley 34\/2002, de 11 de julio, de Servicios de la Sociedad de la Informaci\u00f3n y del Comercio Electr\u00f3nico (LSSICE), el propietario de la web le informa de lo siguiente: Denominaci\u00f3n social: GRUPAJES DEL MAR IB\u00c9RICA, S.L. NIF: B65301673 Domicilio: Vial Licorers, 21 [&hellip;]","og_url":"https:\/\/www.grupamar.es\/en\/legal-notice\/","og_site_name":"GrupaMar","article_modified_time":"2026-03-08T19:41:47+00:00","twitter_card":"summary_large_image","twitter_misc":{"Est. reading time":"2 minutes"},"schema":{"@context":"https:\/\/schema.org","@graph":[{"@type":"WebPage","@id":"https:\/\/www.grupamar.es\/en\/legal-notice\/","url":"https:\/\/www.grupamar.es\/en\/legal-notice\/","name":"Legal notice - GrupaMar","isPartOf":{"@id":"https:\/\/www.grupamar.es\/en\/#website"},"datePublished":"2025-11-29T22:25:15+00:00","dateModified":"2026-03-08T19:41:47+00:00","inLanguage":"en-US","potentialAction":[{"@type":"ReadAction","target":["https:\/\/www.grupamar.es\/en\/legal-notice\/"]}]},{"@type":"WebSite","@id":"https:\/\/www.grupamar.es\/en\/#website","url":"https:\/\/www.grupamar.es\/en\/","name":"GrupaMar","description":"","potentialAction":[{"@type":"SearchAction","target":{"@type":"EntryPoint","urlTemplate":"https:\/\/www.grupamar.es\/en\/?s={search_term_string}"},"query-input":{"@type":"PropertyValueSpecification","valueRequired":true,"valueName":"search_term_string"}}],"inLanguage":"en-US"}]}},"_links":{"self":[{"href":"https:\/\/www.grupamar.es\/en\/wp-json\/wp\/v2\/pages\/1503","targetHints":{"allow":["GET"]}}],"collection":[{"href":"https:\/\/www.grupamar.es\/en\/wp-json\/wp\/v2\/pages"}],"about":[{"href":"https:\/\/www.grupamar.es\/en\/wp-json\/wp\/v2\/types\/page"}],"author":[{"embeddable":true,"href":"https:\/\/www.grupamar.es\/en\/wp-json\/wp\/v2\/users\/1"}],"replies":[{"embeddable":true,"href":"https:\/\/www.grupamar.es\/en\/wp-json\/wp\/v2\/comments?post=1503"}],"version-history":[{"count":2,"href":"https:\/\/www.grupamar.es\/en\/wp-json\/wp\/v2\/pages\/1503\/revisions"}],"predecessor-version":[{"id":1585,"href":"https:\/\/www.grupamar.es\/en\/wp-json\/wp\/v2\/pages\/1503\/revisions\/1585"}],"wp:attachment":[{"href":"https:\/\/www.grupamar.es\/en\/wp-json\/wp\/v2\/media?parent=1503"}],"curies":[{"name":"wp","href":"https:\/\/api.w.org\/{rel}","templated":true}]}}